{"id":2,"date":"2017-07-03T12:17:24","date_gmt":"2017-07-03T12:17:24","guid":{"rendered":"https:\/\/bordoprijatelji.ba\/?page_id=2"},"modified":"2022-06-16T10:53:14","modified_gmt":"2022-06-16T10:53:14","slug":"sample-page","status":"publish","type":"page","link":"https:\/\/www.bordoprijatelji.ba\/?page_id=2","title":{"rendered":"O Udru\u017eenju"},"content":{"rendered":"<p>Kona\u010dno smo uspjeli napraviti jedan veliki iskorak ka boljoj i sigurnijoj budu\u0107nosti na\u0161eg voljenog kluba FK Sarajevo!<\/p>\n<p>Udru\u017eenje \u201cBORDO PRIJATELJI 1946\u201d je rezultat i instrument neugasive \u017eelje razu\u0111enih pojedinaca-zaljubljenika, koji su se okupili i zbili redove sa samo jednim ciljem,a to je permanentna, bezuslovna, konkretna i potpuna podr\u0161ka FK Sarajevo!<\/p>\n<p>Na\u0161 Klub je na\u0161a prva ljubav, na\u0161a najdra\u017ea ideja, omiljeni \u010dlan na\u0161ih porodica i kao takav zavrje\u0111uje svu pa\u017enju i brigu, bez kompromisa i bez interesa!<\/p>\n<p>Na\u0161a jedina nagrada koju strasno pri\u017eeljkujemo bi\u0107e prosperitet na\u0161eg Kluba, njegova neupitna snaga u evropskim okvirima i eksplozija zadovoljstva na tribinama stadiona Asim Ferhatovi\u0107 Hase!<\/p>\n<p>Udru\u017eenje \u201cBORDO PRIJATELJI 1946\u201d i Udru\u017eenje navija\u010da Fudbalskog Kluba Sarajevo Vas pozivaju i nestrpljivo o\u010dekuju!<\/p>\n<p>Kucnuo je \u010das na\u0161eg bu\u0111enja, i vi\u0161e niko nikada ne\u0107e mo\u0107i re\u0107i da nije znao!<\/p>\n<p>Mi smo tu, bi\u0107emo uvijek tu i svaki dan bi\u0107emo ja\u010di, bolji i brojniji!<\/p>\n<p>I pokaziva\u0107emo prstom svima i svakom i na dobro i na zlo!<\/p>\n<p>Skup\u0161tina Udru\u017eenja \u201cBORDO PRIJATELJI 1946\u201d<\/p>\n<p>Kemal Korjeni\u0107 \u2013 Predsjednik<br \/>\nSenad Kadi\u0107 \u2013 Podpredsjednik<\/p>\n<p>Predsjedni\u0161tvo Udru\u017eenja \u201cBORDO PRIJATELJI 1946\u201d:<\/p>\n<p>Irhad Kova\u010devi\u0107 &#8211; Predsjednik<br \/>\nMaid Deli\u0107 \u2013 Potpredsjednik<\/p>\n<p>Avdo Salihbegovi\u0107 \u2013 Generalni Sekretar<\/p>\n<p>Almir Prlja\u010da \u2013 \u010dlan<br \/>\nNermin Kabahija \u2013 \u010dlan<br \/>\nDinko Luk\u0161i\u0107 \u2013 \u010dlan<br \/>\nFe\u0111a Kusturica \u2013 \u010dlan<br \/>\nDamir Puzi\u0107 \u2013 \u010dlan<\/p>\n<p>Vedad Had\u017eibegi\u0107 &#8211; blagajnik<\/p>\n","protected":false},"excerpt":{"rendered":"<p>Kona\u010dno smo uspjeli napraviti jedan veliki iskorak ka boljoj i sigurnijoj budu\u0107nosti na\u0161eg voljenog kluba FK Sarajevo! Udru\u017eenje \u201cBORDO PRIJATELJI 1946\u201d je rezultat i instrument neugasive \u017eelje razu\u0111enih pojedinaca-zaljubljenika, koji <a href=\"https:\/\/www.bordoprijatelji.ba\/?page_id=2\" class=\"more-link\">[&hellip;]<\/a><\/p>\n","protected":false},"author":1,"featured_media":0,"parent":0,"menu_order":1,"comment_status":"closed","ping_status":"closed","template":"","meta":{"kia_subtitle":"","Layout":"","jetpack_post_was_ever_published":false,"footnotes":""},"class_list":["entry","author-w8buw","post-2","page","type-page","status-publish"],"jetpack_sharing_enabled":true,"jetpack_shortlink":"https:\/\/wp.me\/P8V4of-2","jetpack-related-posts":[],"_links":{"self":[{"href":"https:\/\/www.bordoprijatelji.ba\/index.php?rest_route=\/wp\/v2\/pages\/2","targetHints":{"allow":["GET"]}}],"collection":[{"href":"https:\/\/www.bordoprijatelji.ba\/index.php?rest_route=\/wp\/v2\/pages"}],"about":[{"href":"https:\/\/www.bordoprijatelji.ba\/index.php?rest_route=\/wp\/v2\/types\/page"}],"author":[{"embeddable":true,"href":"https:\/\/www.bordoprijatelji.ba\/index.php?rest_route=\/wp\/v2\/users\/1"}],"replies":[{"embeddable":true,"href":"https:\/\/www.bordoprijatelji.ba\/index.php?rest_route=%2Fwp%2Fv2%2Fcomments&post=2"}],"version-history":[{"count":9,"href":"https:\/\/www.bordoprijatelji.ba\/index.php?rest_route=\/wp\/v2\/pages\/2\/revisions"}],"predecessor-version":[{"id":463,"href":"https:\/\/www.bordoprijatelji.ba\/index.php?rest_route=\/wp\/v2\/pages\/2\/revisions\/463"}],"wp:attachment":[{"href":"https:\/\/www.bordoprijatelji.ba\/index.php?rest_route=%2Fwp%2Fv2%2Fmedia&parent=2"}],"curies":[{"name":"wp","href":"https:\/\/api.w.org\/{rel}","templated":true}]}}